{"id":232,"date":"2016-02-15T21:10:19","date_gmt":"2016-02-15T21:10:19","guid":{"rendered":"https:\/\/maholnap.hu\/ueber\/"},"modified":"2023-11-06T09:55:00","modified_gmt":"2023-11-06T09:55:00","slug":"ueber","status":"publish","type":"page","link":"https:\/\/maholnap.hu\/de\/ueber\/","title":{"rendered":"\u00dcber Uns"},"content":{"rendered":"<h3><strong>AUSF\u00dcHRLICHE EINF\u00dcHRUNG<\/strong> <em>(in \u00dcbereinstimmung mit der Satzung)<\/em><\/h3>\n<p>Die MA-HOLnap Stiftung wurde 2001 gegr\u00fcndet, um nachhaltige Ziele im \u00f6ffentlichen Interesse zu verfolgen.<\/p>\n<p><strong>Die Gr\u00fcnder:<\/strong><\/p>\n<ul>\n<li>Ungarische Benediktinerkongregation<\/li>\n<li>SKN-Stiftung &#8211; Niederlande<\/li>\n<\/ul>\n<p>&nbsp;<\/p>\n<p style=\"text-align: left;\"><strong>Zielsetzung:<\/strong><\/p>\n<p style=\"text-align: left;\">Die Stiftung der kooperierenden niederl\u00e4ndischen Stiftungen &#8211; eine Organisation, die im XX. hat im letzten Jahrzehnt des 20. Jahrhunderts zur Gr\u00fcndung, St\u00e4rkung oder Ausweitung der Aktivit\u00e4ten einer Reihe von NRO in Ungarn beigetragen und m\u00f6chte auf den Traditionen und Errungenschaften ihrer mittel- und osteurop\u00e4ischen Aktivit\u00e4ten aufbauen und ihr geistiges Erbe fortf\u00fchren. Bei der Gr\u00fcndung dieser Stiftung haben die Stifter die folgenden Ziele als dauerhaft und im \u00f6ffentlichen Interesse festgelegt:<\/p>\n<blockquote><p><em>&#8230;fachliche und finanzielle Unterst\u00fctzung innovativer ziviler Initiativen mit sozialem Inhalt, die die Solidarit\u00e4t und gegenseitige Verantwortung der lokalen Gemeinschaft wecken, st\u00e4rken und umsetzen und die Eingliederung und Chancengleichheit von Einzelpersonen und Gruppen, die in soziokultureller Benachteiligung leben, erm\u00f6glichen.<\/em><\/p><\/blockquote>\n<p>&nbsp;<\/p>\n<p>Die Aufgabe der Stiftung besteht darin, Mittel zu suchen, zu beschaffen und zu mobilisieren, um ihre Ziele zu erreichen. Sie \u00fcberwacht die Durchf\u00fchrung der technischen Programme und kontrolliert die Verwendung der Mittel, wobei die beg\u00fcnstigte Organisation ihr gegen\u00fcber rechenschaftspflichtig ist.<\/p>\n<p>Die Stiftung arbeitet mit \u00e4hnlichen Organisationen in der mittel- und osteurop\u00e4ischen Region sowie mit staatlichen und lokalen Beh\u00f6rden zusammen.<\/p>\n<p>&nbsp;<\/p>\n<p>Die Stiftung \u00fcbt die oben genannten T\u00e4tigkeiten im Rahmen ihrer Aktivit\u00e4ten wie folgt aus:<\/p>\n<p>In Ungarn: Finanzielle Unterst\u00fctzung f\u00fcr NRO und gemeinn\u00fctzige Organisationen und Gemeinschaften,<\/p>\n<ul>\n<li>Hilfe und Unterst\u00fctzung f\u00fcr Menschen, die aufgrund ihres Alters, ihres Gesundheitszustands, ihrer sozialen Situation oder ihres ethnischen oder religi\u00f6sen Hintergrunds benachteiligt, bed\u00fcrftig, verletzlich oder nicht in der Lage sind, ohne fremde Hilfe f\u00fcr sich selbst zu sorgen. In diesem T\u00e4tigkeitsbereich wird die Unterst\u00fctzung von Organisationen gef\u00f6rdert,<\/li>\n<li>die \u00e4ltere Menschen in Pflegeheimen, Behindertenheimen oder Heimen f\u00fcr Psychiatriepatienten betreuen,<\/li>\n<li>Kranken- und Altenpflege, indem sie hilfsbed\u00fcrftige Menschen in ihren eigenen vier W\u00e4nden betreuen,<\/li>\n<li>die pflegebed\u00fcrftigen Menschen helfen, indem sie sie pflegen, betreuen, beaufsichtigen, putzen, einkaufen, sie zum Arzt oder zu medizinischen Behandlungen begleiten und ihre beh\u00f6rdlichen Angelegenheiten regeln,<\/li>\n<li>die Familien und Kindern in sozialer Not und mit sozialen Problemen helfen oder die eine Einrichtung zur vor\u00fcbergehenden oder gegebenenfalls dauerhaften Unterbringung von Familien und Kindern einrichten und betreiben,<\/li>\n<li>die soziale Missionsarbeit leisten und sich um die Armen in Ungarn sowie um Menschen k\u00fcmmern, die aufgrund ihrer gesundheitlichen und sozialen Situation einmalige oder dauerhafte Hilfe ben\u00f6tigen,<\/li>\n<li>die mit Unterst\u00fctzung des Dienstes oder der Institution, die sie eingerichtet haben, Dienste zur Unterst\u00fctzung der NRO betreiben.<\/li>\n<\/ul>\n<p>&nbsp;<\/p>\n<p>In Verfolgung der oben in der Satzung der Stiftung genannten Ziele<\/p>\n<ul>\n<li>Finanzielle Unterst\u00fctzung f\u00fcr die Schaffung von Sozial-, Bildungs-, Freizeit- und anderen Einrichtungen oder f\u00fcr den Ausbau bestehender Einrichtungen,<\/li>\n<li>kann Lehr- und Bildungsarbeit leisten, die organisatorische und nicht-organisatorische Bildung unterst\u00fctzen, Stipendien einrichten und stiften,<\/li>\n<li>Organisation, Durchf\u00fchrung und Finanzierung von Ausschreibungen, Konferenzen, Fachveranstaltungen und Lehrg\u00e4ngen,<\/li>\n<li>Ver\u00f6ffentlichung und Verbreitung von Publikationen und Lehrmaterial im Zusammenhang mit ihren Zielen,<\/li>\n<li>unterst\u00fctzt die Entwicklungsforschung zur Verbesserung der Sozialf\u00fcrsorge f\u00fcr die Bev\u00f6lkerung,<\/li>\n<li>unterst\u00fctzt Einrichtungen f\u00fcr die geistige und k\u00f6rperliche Erziehung junger Menschen auf der Grundlage der Liebe.<\/li>\n<\/ul>\n<p>&nbsp;<\/p>\n<p>Die Ziele der Stiftung und die Art und Weise, wie sie verfolgt werden, sind seit ihrer Gr\u00fcndung im Jahr 2001 unver\u00e4ndert geblieben.<\/p>\n<p>&nbsp;<\/p>\n<h3>Mitglieder des Kuratoriums<\/h3>\n<div class=\"row\"><br class=\"nc\"\/><div class=\"col-sm-3 center\">\n<p><img decoding=\"async\" loading=\"lazy\" class=\"img-thumbnail alignnone wp-image-13 size-full\" src=\"http:\/\/maholnap.hu\/wp-content\/uploads\/2016\/02\/kuratorium_hejj.jpg\" alt=\"Kuratorium_hejj\" width=\"110\" height=\"150\"\/><\/p>\n<h4>Tibor H\u00e9jj<\/h4>\n<p><em>Pr\u00e4sident<\/em><br \/>\nProaktive Verwaltung<br \/>\nBeratung Ltd.<br \/>\nGesch\u00e4ftsf\u00fchrender Direktor<\/p>\n<p><\/p><\/div>\n<p><div class=\"col-sm-3 center\">\n<p><img decoding=\"async\" loading=\"lazy\" class=\"img-thumbnail alignnone wp-image-157 size-full\" src=\"http:\/\/maholnap.hu\/wp-content\/uploads\/2016\/02\/0.jpg\" alt=\"\" width=\"110\" height=\"150\"\/><\/p>\n<h4>Zsolt S\u00e1ndor<\/h4>\n<p><em>Vizepr\u00e4sident<\/em><br \/>\nArchitekt, forensischer Sachverst\u00e4ndiger<\/p>\n<p><\/p><\/div><\/p>\n<p><div class=\"col-sm-3 center\">\n<p><img decoding=\"async\" loading=\"lazy\" class=\"img-thumbnail alignnone wp-image-14 size-full\" src=\"http:\/\/maholnap.hu\/wp-content\/uploads\/2016\/02\/kuratorium_korencsi.jpg\" alt=\"kuratorium_corencsi\" width=\"110\" height=\"150\"\/><\/p>\n<h4>Dr. Attila Korencsi<\/h4>\n<p><em>Sekret\u00e4rin<\/em><br \/>\nFinanzanwalt<\/p>\n<p><\/p><\/div><br class=\"nc\"\/><div class=\"col-sm-3\"><\/div><br class=\"nc\"\/><\/p><\/div>\n","protected":false},"excerpt":{"rendered":"<p>AUSF\u00dcHRLICHE EINF\u00dcHRUNG (in \u00dcbereinstimmung mit der Satzung) Die MA-HOLnap Stiftung wurde 2001 gegr\u00fcndet, um nachhaltige Ziele im \u00f6ffentlichen Interesse zu verfolgen. Die Gr\u00fcnder: Ungarische Benediktinerkongregation SKN-Stiftung &#8211; Niederlande &nbsp; Zielsetzung: Die Stiftung der kooperierenden niederl\u00e4ndischen Stiftungen &#8211; eine Organisation, die im XX. hat im letzten Jahrzehnt des 20. Jahrhunderts zur Gr\u00fcndung, St\u00e4rkung oder Ausweitung der [&hellip;]<\/p>\n","protected":false},"author":1,"featured_media":0,"parent":0,"menu_order":0,"comment_status":"closed","ping_status":"closed","template":"page-fullwidth.php","meta":{"footnotes":""},"yoast_head":"<!-- This site is optimized with the Yoast SEO plugin v22.6 - https:\/\/yoast.com\/wordpress\/plugins\/seo\/ -->\n<title>\u00dcber Uns - Maholnap Foundation<\/title>\n<meta name=\"robots\" content=\"index, follow, max-snippet:-1, max-image-preview:large, max-video-preview:-1\" \/>\n<link rel=\"canonical\" href=\"https:\/\/maholnap.hu\/de\/ueber\/\" \/>\n<meta property=\"og:locale\" content=\"de_DE\" \/>\n<meta property=\"og:type\" content=\"article\" \/>\n<meta property=\"og:title\" content=\"\u00dcber Uns - Maholnap Foundation\" \/>\n<meta property=\"og:description\" content=\"AUSF\u00dcHRLICHE EINF\u00dcHRUNG (in \u00dcbereinstimmung mit der Satzung) Die MA-HOLnap Stiftung wurde 2001 gegr\u00fcndet, um nachhaltige Ziele im \u00f6ffentlichen Interesse zu verfolgen. Die Gr\u00fcnder: Ungarische Benediktinerkongregation SKN-Stiftung &#8211; Niederlande &nbsp; Zielsetzung: Die Stiftung der kooperierenden niederl\u00e4ndischen Stiftungen &#8211; eine Organisation, die im XX. hat im letzten Jahrzehnt des 20. Jahrhunderts zur Gr\u00fcndung, St\u00e4rkung oder Ausweitung der [&hellip;]\" \/>\n<meta property=\"og:url\" content=\"https:\/\/maholnap.hu\/de\/ueber\/\" \/>\n<meta property=\"og:site_name\" content=\"Maholnap Foundation\" \/>\n<meta property=\"article:modified_time\" content=\"2023-11-06T09:55:00+00:00\" \/>\n<meta property=\"og:image\" content=\"http:\/\/maholnap.hu\/wp-content\/uploads\/2016\/02\/kuratorium_hejj.jpg\" \/>\n<meta name=\"twitter:card\" content=\"summary_large_image\" \/>\n<meta name=\"twitter:label1\" content=\"Gesch\u00e4tzte Lesezeit\" \/>\n\t<meta name=\"twitter:data1\" content=\"3\u00a0Minuten\" \/>\n<script type=\"application\/ld+json\" class=\"yoast-schema-graph\">{\"@context\":\"https:\/\/schema.org\",\"@graph\":[{\"@type\":\"WebPage\",\"@id\":\"https:\/\/maholnap.hu\/de\/ueber\/\",\"url\":\"https:\/\/maholnap.hu\/de\/ueber\/\",\"name\":\"\u00dcber Uns - Maholnap Foundation\",\"isPartOf\":{\"@id\":\"https:\/\/maholnap.hu\/de\/#website\"},\"primaryImageOfPage\":{\"@id\":\"https:\/\/maholnap.hu\/de\/ueber\/#primaryimage\"},\"image\":{\"@id\":\"https:\/\/maholnap.hu\/de\/ueber\/#primaryimage\"},\"thumbnailUrl\":\"http:\/\/maholnap.hu\/wp-content\/uploads\/2016\/02\/kuratorium_hejj.jpg\",\"datePublished\":\"2016-02-15T21:10:19+00:00\",\"dateModified\":\"2023-11-06T09:55:00+00:00\",\"breadcrumb\":{\"@id\":\"https:\/\/maholnap.hu\/de\/ueber\/#breadcrumb\"},\"inLanguage\":\"de\",\"potentialAction\":[{\"@type\":\"ReadAction\",\"target\":[\"https:\/\/maholnap.hu\/de\/ueber\/\"]}]},{\"@type\":\"ImageObject\",\"inLanguage\":\"de\",\"@id\":\"https:\/\/maholnap.hu\/de\/ueber\/#primaryimage\",\"url\":\"http:\/\/maholnap.hu\/wp-content\/uploads\/2016\/02\/kuratorium_hejj.jpg\",\"contentUrl\":\"http:\/\/maholnap.hu\/wp-content\/uploads\/2016\/02\/kuratorium_hejj.jpg\"},{\"@type\":\"BreadcrumbList\",\"@id\":\"https:\/\/maholnap.hu\/de\/ueber\/#breadcrumb\",\"itemListElement\":[{\"@type\":\"ListItem\",\"position\":1,\"name\":\"Home\",\"item\":\"https:\/\/maholnap.hu\/de\/\"},{\"@type\":\"ListItem\",\"position\":2,\"name\":\"\u00dcber Uns\"}]},{\"@type\":\"WebSite\",\"@id\":\"https:\/\/maholnap.hu\/de\/#website\",\"url\":\"https:\/\/maholnap.hu\/de\/\",\"name\":\"Maholnap Foundation\",\"description\":\"Website der Maholnap Foundation\",\"potentialAction\":[{\"@type\":\"SearchAction\",\"target\":{\"@type\":\"EntryPoint\",\"urlTemplate\":\"https:\/\/maholnap.hu\/de\/?s={search_term_string}\"},\"query-input\":\"required name=search_term_string\"}],\"inLanguage\":\"de\"}]}<\/script>\n<!-- \/ Yoast SEO plugin. -->","yoast_head_json":{"title":"\u00dcber Uns - Maholnap Foundation","robots":{"index":"index","follow":"follow","max-snippet":"max-snippet:-1","max-image-preview":"max-image-preview:large","max-video-preview":"max-video-preview:-1"},"canonical":"https:\/\/maholnap.hu\/de\/ueber\/","og_locale":"de_DE","og_type":"article","og_title":"\u00dcber Uns - Maholnap Foundation","og_description":"AUSF\u00dcHRLICHE EINF\u00dcHRUNG (in \u00dcbereinstimmung mit der Satzung) Die MA-HOLnap Stiftung wurde 2001 gegr\u00fcndet, um nachhaltige Ziele im \u00f6ffentlichen Interesse zu verfolgen. Die Gr\u00fcnder: Ungarische Benediktinerkongregation SKN-Stiftung &#8211; Niederlande &nbsp; Zielsetzung: Die Stiftung der kooperierenden niederl\u00e4ndischen Stiftungen &#8211; eine Organisation, die im XX. hat im letzten Jahrzehnt des 20. Jahrhunderts zur Gr\u00fcndung, St\u00e4rkung oder Ausweitung der [&hellip;]","og_url":"https:\/\/maholnap.hu\/de\/ueber\/","og_site_name":"Maholnap Foundation","article_modified_time":"2023-11-06T09:55:00+00:00","og_image":[{"url":"http:\/\/maholnap.hu\/wp-content\/uploads\/2016\/02\/kuratorium_hejj.jpg"}],"twitter_card":"summary_large_image","twitter_misc":{"Gesch\u00e4tzte Lesezeit":"3\u00a0Minuten"},"schema":{"@context":"https:\/\/schema.org","@graph":[{"@type":"WebPage","@id":"https:\/\/maholnap.hu\/de\/ueber\/","url":"https:\/\/maholnap.hu\/de\/ueber\/","name":"\u00dcber Uns - Maholnap Foundation","isPartOf":{"@id":"https:\/\/maholnap.hu\/de\/#website"},"primaryImageOfPage":{"@id":"https:\/\/maholnap.hu\/de\/ueber\/#primaryimage"},"image":{"@id":"https:\/\/maholnap.hu\/de\/ueber\/#primaryimage"},"thumbnailUrl":"http:\/\/maholnap.hu\/wp-content\/uploads\/2016\/02\/kuratorium_hejj.jpg","datePublished":"2016-02-15T21:10:19+00:00","dateModified":"2023-11-06T09:55:00+00:00","breadcrumb":{"@id":"https:\/\/maholnap.hu\/de\/ueber\/#breadcrumb"},"inLanguage":"de","potentialAction":[{"@type":"ReadAction","target":["https:\/\/maholnap.hu\/de\/ueber\/"]}]},{"@type":"ImageObject","inLanguage":"de","@id":"https:\/\/maholnap.hu\/de\/ueber\/#primaryimage","url":"http:\/\/maholnap.hu\/wp-content\/uploads\/2016\/02\/kuratorium_hejj.jpg","contentUrl":"http:\/\/maholnap.hu\/wp-content\/uploads\/2016\/02\/kuratorium_hejj.jpg"},{"@type":"BreadcrumbList","@id":"https:\/\/maholnap.hu\/de\/ueber\/#breadcrumb","itemListElement":[{"@type":"ListItem","position":1,"name":"Home","item":"https:\/\/maholnap.hu\/de\/"},{"@type":"ListItem","position":2,"name":"\u00dcber Uns"}]},{"@type":"WebSite","@id":"https:\/\/maholnap.hu\/de\/#website","url":"https:\/\/maholnap.hu\/de\/","name":"Maholnap Foundation","description":"Website der Maholnap Foundation","potentialAction":[{"@type":"SearchAction","target":{"@type":"EntryPoint","urlTemplate":"https:\/\/maholnap.hu\/de\/?s={search_term_string}"},"query-input":"required name=search_term_string"}],"inLanguage":"de"}]}},"_links":{"self":[{"href":"https:\/\/maholnap.hu\/de\/wp-json\/wp\/v2\/pages\/232"}],"collection":[{"href":"https:\/\/maholnap.hu\/de\/wp-json\/wp\/v2\/pages"}],"about":[{"href":"https:\/\/maholnap.hu\/de\/wp-json\/wp\/v2\/types\/page"}],"author":[{"embeddable":true,"href":"https:\/\/maholnap.hu\/de\/wp-json\/wp\/v2\/users\/1"}],"replies":[{"embeddable":true,"href":"https:\/\/maholnap.hu\/de\/wp-json\/wp\/v2\/comments?post=232"}],"version-history":[{"count":1,"href":"https:\/\/maholnap.hu\/de\/wp-json\/wp\/v2\/pages\/232\/revisions"}],"predecessor-version":[{"id":288,"href":"https:\/\/maholnap.hu\/de\/wp-json\/wp\/v2\/pages\/232\/revisions\/288"}],"wp:attachment":[{"href":"https:\/\/maholnap.hu\/de\/wp-json\/wp\/v2\/media?parent=232"}],"curies":[{"name":"wp","href":"https:\/\/api.w.org\/{rel}","templated":true}]}}