{"id":217,"date":"2016-02-14T19:50:08","date_gmt":"2016-02-14T19:50:08","guid":{"rendered":"https:\/\/maholnap.hu\/startseite\/"},"modified":"2016-02-14T19:50:08","modified_gmt":"2016-02-14T19:50:08","slug":"startseite","status":"publish","type":"page","link":"https:\/\/maholnap.hu\/de\/","title":{"rendered":"Startseite"},"content":{"rendered":"<h3><\/h3>\n<div class=\"row\"><br class=\"nc\"\/><div class=\"col-sm-6\">\n<h3>Lasst uns heute f\u00fcr morgen handeln!<\/h3>\n<p>Die MA-HOLnap Stiftung wurde 2001 mit dem Ziel gegr\u00fcndet, innovative zivile Initiativen mit sozialem Inhalt sowohl fachlich als auch finanziell zu unterst\u00fctzen, die die Solidarit\u00e4t und gegenseitige Verantwortung der lokalen Gemeinschaft wecken und betreiben und es den sozial-sozio-kulturell benachteiligten Einzelpersonen und Gruppen erm\u00f6glichen, aufzuholen und Chancengleichheit zu erreichen. Zu diesem Zweck setzt sie sich f\u00fcr die Suche, Beschaffung und Mobilisierung von Ressourcen ein. Sie \u00fcberwacht die Durchf\u00fchrung der technischen Programme und kontrolliert die Verwendung der Mittel, wobei die beg\u00fcnstigte Organisation ihr gegen\u00fcber rechenschaftspflichtig ist.<\/p>\n<p>Sie unterst\u00fctzt und vermittelt durch ihre Fundraising-Aktivit\u00e4ten zwischen privaten Spendern, Unternehmensspendern und NRO, die auf professioneller Ebene im sozialen Bereich t\u00e4tig sind. Sie ermittelt, organisiert und vermittelt den Antragstellern die finanziellen Mittel, Sachspenden und Freiwilligenarbeit, die f\u00fcr die Durchf\u00fchrung der Projekte und die Verwirklichung der gesetzten Ziele eingesetzt werden k\u00f6nnen, deren Ziele und Durchf\u00fchrungsmodalit\u00e4ten seit ihrer Gr\u00fcndung im Jahr 2001 unver\u00e4ndert geblieben sind.<\/p>\n<p><\/p><\/div><br class=\"nc\"\/><div class=\"col-sm-6\">\n<p><img decoding=\"async\" loading=\"lazy\" class=\"alignnone wp-image-12 size-full\" src=\"http:\/\/maholnap.hu\/wp-content\/uploads\/2016\/02\/adotption.jpg\" alt=\"Adotption\" width=\"1000\" height=\"657\" srcset=\"https:\/\/maholnap.hu\/wp-content\/uploads\/2016\/02\/adotption.jpg 1000w, https:\/\/maholnap.hu\/wp-content\/uploads\/2016\/02\/adotption-300x197.jpg 300w, https:\/\/maholnap.hu\/wp-content\/uploads\/2016\/02\/adotption-768x505.jpg 768w\" sizes=\"(max-width: 1000px) 100vw, 1000px\" \/><\/p>\n<p><\/p><\/div><br class=\"nc\"\/><\/div>\n","protected":false},"excerpt":{"rendered":"","protected":false},"author":1,"featured_media":0,"parent":0,"menu_order":0,"comment_status":"closed","ping_status":"closed","template":"page-fullwidth.php","meta":{"footnotes":""},"yoast_head":"<!-- This site is optimized with the Yoast SEO plugin v22.6 - https:\/\/yoast.com\/wordpress\/plugins\/seo\/ -->\n<title>Startseite - Maholnap Foundation<\/title>\n<meta name=\"robots\" content=\"index, follow, max-snippet:-1, max-image-preview:large, max-video-preview:-1\" \/>\n<link rel=\"canonical\" href=\"https:\/\/maholnap.hu\/de\/\" \/>\n<meta property=\"og:locale\" content=\"de_DE\" \/>\n<meta property=\"og:type\" content=\"article\" \/>\n<meta property=\"og:title\" content=\"Startseite - Maholnap Foundation\" \/>\n<meta property=\"og:url\" content=\"https:\/\/maholnap.hu\/de\/\" \/>\n<meta property=\"og:site_name\" content=\"Maholnap Foundation\" \/>\n<meta property=\"og:image\" content=\"http:\/\/maholnap.hu\/wp-content\/uploads\/2016\/02\/adotption.jpg\" \/>\n<meta name=\"twitter:card\" content=\"summary_large_image\" \/>\n<meta name=\"twitter:label1\" content=\"Gesch\u00e4tzte Lesezeit\" \/>\n\t<meta name=\"twitter:data1\" content=\"1\u00a0Minute\" \/>\n<script type=\"application\/ld+json\" class=\"yoast-schema-graph\">{\"@context\":\"https:\/\/schema.org\",\"@graph\":[{\"@type\":\"WebPage\",\"@id\":\"https:\/\/maholnap.hu\/de\/\",\"url\":\"https:\/\/maholnap.hu\/de\/\",\"name\":\"Startseite - Maholnap Foundation\",\"isPartOf\":{\"@id\":\"https:\/\/maholnap.hu\/de\/#website\"},\"primaryImageOfPage\":{\"@id\":\"https:\/\/maholnap.hu\/de\/#primaryimage\"},\"image\":{\"@id\":\"https:\/\/maholnap.hu\/de\/#primaryimage\"},\"thumbnailUrl\":\"http:\/\/maholnap.hu\/wp-content\/uploads\/2016\/02\/adotption.jpg\",\"datePublished\":\"2016-02-14T19:50:08+00:00\",\"dateModified\":\"2016-02-14T19:50:08+00:00\",\"breadcrumb\":{\"@id\":\"https:\/\/maholnap.hu\/de\/#breadcrumb\"},\"inLanguage\":\"de\",\"potentialAction\":[{\"@type\":\"ReadAction\",\"target\":[\"https:\/\/maholnap.hu\/de\/\"]}]},{\"@type\":\"ImageObject\",\"inLanguage\":\"de\",\"@id\":\"https:\/\/maholnap.hu\/de\/#primaryimage\",\"url\":\"http:\/\/maholnap.hu\/wp-content\/uploads\/2016\/02\/adotption.jpg\",\"contentUrl\":\"http:\/\/maholnap.hu\/wp-content\/uploads\/2016\/02\/adotption.jpg\"},{\"@type\":\"BreadcrumbList\",\"@id\":\"https:\/\/maholnap.hu\/de\/#breadcrumb\",\"itemListElement\":[{\"@type\":\"ListItem\",\"position\":1,\"name\":\"Home\",\"item\":\"https:\/\/maholnap.hu\/de\/\"},{\"@type\":\"ListItem\",\"position\":2,\"name\":\"Startseite\"}]},{\"@type\":\"WebSite\",\"@id\":\"https:\/\/maholnap.hu\/de\/#website\",\"url\":\"https:\/\/maholnap.hu\/de\/\",\"name\":\"Maholnap Foundation\",\"description\":\"Website der Maholnap Foundation\",\"potentialAction\":[{\"@type\":\"SearchAction\",\"target\":{\"@type\":\"EntryPoint\",\"urlTemplate\":\"https:\/\/maholnap.hu\/de\/?s={search_term_string}\"},\"query-input\":\"required name=search_term_string\"}],\"inLanguage\":\"de\"}]}<\/script>\n<!-- \/ Yoast SEO plugin. -->","yoast_head_json":{"title":"Startseite - Maholnap Foundation","robots":{"index":"index","follow":"follow","max-snippet":"max-snippet:-1","max-image-preview":"max-image-preview:large","max-video-preview":"max-video-preview:-1"},"canonical":"https:\/\/maholnap.hu\/de\/","og_locale":"de_DE","og_type":"article","og_title":"Startseite - Maholnap Foundation","og_url":"https:\/\/maholnap.hu\/de\/","og_site_name":"Maholnap Foundation","og_image":[{"url":"http:\/\/maholnap.hu\/wp-content\/uploads\/2016\/02\/adotption.jpg"}],"twitter_card":"summary_large_image","twitter_misc":{"Gesch\u00e4tzte Lesezeit":"1\u00a0Minute"},"schema":{"@context":"https:\/\/schema.org","@graph":[{"@type":"WebPage","@id":"https:\/\/maholnap.hu\/de\/","url":"https:\/\/maholnap.hu\/de\/","name":"Startseite - Maholnap Foundation","isPartOf":{"@id":"https:\/\/maholnap.hu\/de\/#website"},"primaryImageOfPage":{"@id":"https:\/\/maholnap.hu\/de\/#primaryimage"},"image":{"@id":"https:\/\/maholnap.hu\/de\/#primaryimage"},"thumbnailUrl":"http:\/\/maholnap.hu\/wp-content\/uploads\/2016\/02\/adotption.jpg","datePublished":"2016-02-14T19:50:08+00:00","dateModified":"2016-02-14T19:50:08+00:00","breadcrumb":{"@id":"https:\/\/maholnap.hu\/de\/#breadcrumb"},"inLanguage":"de","potentialAction":[{"@type":"ReadAction","target":["https:\/\/maholnap.hu\/de\/"]}]},{"@type":"ImageObject","inLanguage":"de","@id":"https:\/\/maholnap.hu\/de\/#primaryimage","url":"http:\/\/maholnap.hu\/wp-content\/uploads\/2016\/02\/adotption.jpg","contentUrl":"http:\/\/maholnap.hu\/wp-content\/uploads\/2016\/02\/adotption.jpg"},{"@type":"BreadcrumbList","@id":"https:\/\/maholnap.hu\/de\/#breadcrumb","itemListElement":[{"@type":"ListItem","position":1,"name":"Home","item":"https:\/\/maholnap.hu\/de\/"},{"@type":"ListItem","position":2,"name":"Startseite"}]},{"@type":"WebSite","@id":"https:\/\/maholnap.hu\/de\/#website","url":"https:\/\/maholnap.hu\/de\/","name":"Maholnap Foundation","description":"Website der Maholnap Foundation","potentialAction":[{"@type":"SearchAction","target":{"@type":"EntryPoint","urlTemplate":"https:\/\/maholnap.hu\/de\/?s={search_term_string}"},"query-input":"required name=search_term_string"}],"inLanguage":"de"}]}},"_links":{"self":[{"href":"https:\/\/maholnap.hu\/de\/wp-json\/wp\/v2\/pages\/217"}],"collection":[{"href":"https:\/\/maholnap.hu\/de\/wp-json\/wp\/v2\/pages"}],"about":[{"href":"https:\/\/maholnap.hu\/de\/wp-json\/wp\/v2\/types\/page"}],"author":[{"embeddable":true,"href":"https:\/\/maholnap.hu\/de\/wp-json\/wp\/v2\/users\/1"}],"replies":[{"embeddable":true,"href":"https:\/\/maholnap.hu\/de\/wp-json\/wp\/v2\/comments?post=217"}],"version-history":[{"count":0,"href":"https:\/\/maholnap.hu\/de\/wp-json\/wp\/v2\/pages\/217\/revisions"}],"wp:attachment":[{"href":"https:\/\/maholnap.hu\/de\/wp-json\/wp\/v2\/media?parent=217"}],"curies":[{"name":"wp","href":"https:\/\/api.w.org\/{rel}","templated":true}]}}