{"id":216,"date":"2016-02-18T23:08:44","date_gmt":"2016-02-18T23:08:44","guid":{"rendered":"https:\/\/maholnap.hu\/kooperierende-organisationen\/"},"modified":"2016-02-18T23:08:44","modified_gmt":"2016-02-18T23:08:44","slug":"kooperierende-organisationen","status":"publish","type":"page","link":"https:\/\/maholnap.hu\/de\/kooperierende-organisationen\/","title":{"rendered":"Kooperierende Organisationen"},"content":{"rendered":"<div class=\"row\"><br class=\"nc\"\/><div class=\"col-sm-4\">\n<h3 class=\"media-heading\">Startseite Wir helfen Stiftung<\/h3>\n<p><img decoding=\"async\" loading=\"lazy\" class=\"alignleft wp-image-52\" src=\"http:\/\/maholnap.hu\/wp-content\/uploads\/2016\/02\/partner_logo_osa.png\" alt=\"\" width=\"100\" height=\"100\" srcset=\"https:\/\/maholnap.hu\/wp-content\/uploads\/2016\/02\/partner_logo_osa.png 150w, https:\/\/maholnap.hu\/wp-content\/uploads\/2016\/02\/partner_logo_osa-60x60.png 60w\" sizes=\"(max-width: 100px) 100vw, 100px\" \/>Die Home Help Foundation ist ein Netzwerk von Unterst\u00fctzungsdiensten, die Familien auf lokaler Ebene durch Pr\u00e4vention, Freiwilligenarbeit, Familienbesuche und pers\u00f6nliche Betreuung unterst\u00fctzen, um die Familienharmonie, die St\u00e4rkung und den Respekt vor der Elternschaft zu f\u00f6rdern.<br \/>\n<\/p><\/div><div class=\"col-sm-4\">\n<h3 class=\"media-heading\">Zentrum f\u00fcr Menschenw\u00fcrde<\/h3>\n<p><img decoding=\"async\" loading=\"lazy\" class=\"alignleft wp-image-50\" src=\"http:\/\/maholnap.hu\/wp-content\/uploads\/2016\/02\/partner_logo_emk.png\" alt=\"partner_logo_emk\" width=\"100\" height=\"100\" srcset=\"https:\/\/maholnap.hu\/wp-content\/uploads\/2016\/02\/partner_logo_emk.png 150w, https:\/\/maholnap.hu\/wp-content\/uploads\/2016\/02\/partner_logo_emk-60x60.png 60w\" sizes=\"(max-width: 100px) 100vw, 100px\" \/>Das grundlegende Ziel des Zentrums f\u00fcr Menschenw\u00fcrde ist es, den Wert der Familie, die auf der Ehe zwischen einer Frau und einem Mann beruht, als Grundzelle der Gesellschaft zu demonstrieren.<br \/>\n<\/p><\/div><div class=\"col-sm-4\">\n<h3 class=\"media-heading\">Verein f\u00fcr christliche Werteerhaltung<\/h3>\n<p><img decoding=\"async\" loading=\"lazy\" class=\"alignleft wp-image-51\" src=\"http:\/\/maholnap.hu\/wp-content\/uploads\/2016\/02\/partner_logo_kerme.png\" alt=\"partner_logo_frame\" width=\"100\" height=\"100\" srcset=\"https:\/\/maholnap.hu\/wp-content\/uploads\/2016\/02\/partner_logo_kerme.png 150w, https:\/\/maholnap.hu\/wp-content\/uploads\/2016\/02\/partner_logo_kerme-60x60.png 60w\" sizes=\"(max-width: 100px) 100vw, 100px\" \/>Unser Ziel ist es, ein Netz christlicher Gemeinschaft zwischen Menschen und Organisationen zu weben, die in der Wirtschaft t\u00e4tig sind und gleichzeitig die traditionellen Grundwerte des christlichen Ungarentums hochhalten.<br \/>\n<\/p><\/div><\/div>\n","protected":false},"excerpt":{"rendered":"","protected":false},"author":1,"featured_media":0,"parent":0,"menu_order":0,"comment_status":"closed","ping_status":"closed","template":"page-fullwidth.php","meta":{"footnotes":""},"yoast_head":"<!-- This site is optimized with the Yoast SEO plugin v22.6 - https:\/\/yoast.com\/wordpress\/plugins\/seo\/ -->\n<title>Kooperierende Organisationen - Maholnap Foundation<\/title>\n<meta name=\"robots\" content=\"index, follow, max-snippet:-1, max-image-preview:large, max-video-preview:-1\" \/>\n<link rel=\"canonical\" href=\"https:\/\/maholnap.hu\/de\/kooperierende-organisationen\/\" \/>\n<meta property=\"og:locale\" content=\"de_DE\" \/>\n<meta property=\"og:type\" content=\"article\" \/>\n<meta property=\"og:title\" content=\"Kooperierende Organisationen - Maholnap Foundation\" \/>\n<meta property=\"og:url\" content=\"https:\/\/maholnap.hu\/de\/kooperierende-organisationen\/\" \/>\n<meta property=\"og:site_name\" content=\"Maholnap Foundation\" \/>\n<meta property=\"og:image\" content=\"http:\/\/maholnap.hu\/wp-content\/uploads\/2016\/02\/partner_logo_osa.png\" \/>\n<meta name=\"twitter:card\" content=\"summary_large_image\" \/>\n<meta name=\"twitter:label1\" content=\"Gesch\u00e4tzte Lesezeit\" \/>\n\t<meta name=\"twitter:data1\" content=\"1\u00a0Minute\" \/>\n<script type=\"application\/ld+json\" class=\"yoast-schema-graph\">{\"@context\":\"https:\/\/schema.org\",\"@graph\":[{\"@type\":\"WebPage\",\"@id\":\"https:\/\/maholnap.hu\/de\/kooperierende-organisationen\/\",\"url\":\"https:\/\/maholnap.hu\/de\/kooperierende-organisationen\/\",\"name\":\"Kooperierende Organisationen - Maholnap Foundation\",\"isPartOf\":{\"@id\":\"https:\/\/maholnap.hu\/de\/#website\"},\"primaryImageOfPage\":{\"@id\":\"https:\/\/maholnap.hu\/de\/kooperierende-organisationen\/#primaryimage\"},\"image\":{\"@id\":\"https:\/\/maholnap.hu\/de\/kooperierende-organisationen\/#primaryimage\"},\"thumbnailUrl\":\"http:\/\/maholnap.hu\/wp-content\/uploads\/2016\/02\/partner_logo_osa.png\",\"datePublished\":\"2016-02-18T23:08:44+00:00\",\"dateModified\":\"2016-02-18T23:08:44+00:00\",\"breadcrumb\":{\"@id\":\"https:\/\/maholnap.hu\/de\/kooperierende-organisationen\/#breadcrumb\"},\"inLanguage\":\"de\",\"potentialAction\":[{\"@type\":\"ReadAction\",\"target\":[\"https:\/\/maholnap.hu\/de\/kooperierende-organisationen\/\"]}]},{\"@type\":\"ImageObject\",\"inLanguage\":\"de\",\"@id\":\"https:\/\/maholnap.hu\/de\/kooperierende-organisationen\/#primaryimage\",\"url\":\"http:\/\/maholnap.hu\/wp-content\/uploads\/2016\/02\/partner_logo_osa.png\",\"contentUrl\":\"http:\/\/maholnap.hu\/wp-content\/uploads\/2016\/02\/partner_logo_osa.png\"},{\"@type\":\"BreadcrumbList\",\"@id\":\"https:\/\/maholnap.hu\/de\/kooperierende-organisationen\/#breadcrumb\",\"itemListElement\":[{\"@type\":\"ListItem\",\"position\":1,\"name\":\"Home\",\"item\":\"https:\/\/maholnap.hu\/de\/\"},{\"@type\":\"ListItem\",\"position\":2,\"name\":\"Kooperierende Organisationen\"}]},{\"@type\":\"WebSite\",\"@id\":\"https:\/\/maholnap.hu\/de\/#website\",\"url\":\"https:\/\/maholnap.hu\/de\/\",\"name\":\"Maholnap Foundation\",\"description\":\"Website der Maholnap Foundation\",\"potentialAction\":[{\"@type\":\"SearchAction\",\"target\":{\"@type\":\"EntryPoint\",\"urlTemplate\":\"https:\/\/maholnap.hu\/de\/?s={search_term_string}\"},\"query-input\":\"required name=search_term_string\"}],\"inLanguage\":\"de\"}]}<\/script>\n<!-- \/ Yoast SEO plugin. -->","yoast_head_json":{"title":"Kooperierende Organisationen - Maholnap Foundation","robots":{"index":"index","follow":"follow","max-snippet":"max-snippet:-1","max-image-preview":"max-image-preview:large","max-video-preview":"max-video-preview:-1"},"canonical":"https:\/\/maholnap.hu\/de\/kooperierende-organisationen\/","og_locale":"de_DE","og_type":"article","og_title":"Kooperierende Organisationen - Maholnap Foundation","og_url":"https:\/\/maholnap.hu\/de\/kooperierende-organisationen\/","og_site_name":"Maholnap Foundation","og_image":[{"url":"http:\/\/maholnap.hu\/wp-content\/uploads\/2016\/02\/partner_logo_osa.png"}],"twitter_card":"summary_large_image","twitter_misc":{"Gesch\u00e4tzte Lesezeit":"1\u00a0Minute"},"schema":{"@context":"https:\/\/schema.org","@graph":[{"@type":"WebPage","@id":"https:\/\/maholnap.hu\/de\/kooperierende-organisationen\/","url":"https:\/\/maholnap.hu\/de\/kooperierende-organisationen\/","name":"Kooperierende Organisationen - Maholnap Foundation","isPartOf":{"@id":"https:\/\/maholnap.hu\/de\/#website"},"primaryImageOfPage":{"@id":"https:\/\/maholnap.hu\/de\/kooperierende-organisationen\/#primaryimage"},"image":{"@id":"https:\/\/maholnap.hu\/de\/kooperierende-organisationen\/#primaryimage"},"thumbnailUrl":"http:\/\/maholnap.hu\/wp-content\/uploads\/2016\/02\/partner_logo_osa.png","datePublished":"2016-02-18T23:08:44+00:00","dateModified":"2016-02-18T23:08:44+00:00","breadcrumb":{"@id":"https:\/\/maholnap.hu\/de\/kooperierende-organisationen\/#breadcrumb"},"inLanguage":"de","potentialAction":[{"@type":"ReadAction","target":["https:\/\/maholnap.hu\/de\/kooperierende-organisationen\/"]}]},{"@type":"ImageObject","inLanguage":"de","@id":"https:\/\/maholnap.hu\/de\/kooperierende-organisationen\/#primaryimage","url":"http:\/\/maholnap.hu\/wp-content\/uploads\/2016\/02\/partner_logo_osa.png","contentUrl":"http:\/\/maholnap.hu\/wp-content\/uploads\/2016\/02\/partner_logo_osa.png"},{"@type":"BreadcrumbList","@id":"https:\/\/maholnap.hu\/de\/kooperierende-organisationen\/#breadcrumb","itemListElement":[{"@type":"ListItem","position":1,"name":"Home","item":"https:\/\/maholnap.hu\/de\/"},{"@type":"ListItem","position":2,"name":"Kooperierende Organisationen"}]},{"@type":"WebSite","@id":"https:\/\/maholnap.hu\/de\/#website","url":"https:\/\/maholnap.hu\/de\/","name":"Maholnap Foundation","description":"Website der Maholnap Foundation","potentialAction":[{"@type":"SearchAction","target":{"@type":"EntryPoint","urlTemplate":"https:\/\/maholnap.hu\/de\/?s={search_term_string}"},"query-input":"required name=search_term_string"}],"inLanguage":"de"}]}},"_links":{"self":[{"href":"https:\/\/maholnap.hu\/de\/wp-json\/wp\/v2\/pages\/216"}],"collection":[{"href":"https:\/\/maholnap.hu\/de\/wp-json\/wp\/v2\/pages"}],"about":[{"href":"https:\/\/maholnap.hu\/de\/wp-json\/wp\/v2\/types\/page"}],"author":[{"embeddable":true,"href":"https:\/\/maholnap.hu\/de\/wp-json\/wp\/v2\/users\/1"}],"replies":[{"embeddable":true,"href":"https:\/\/maholnap.hu\/de\/wp-json\/wp\/v2\/comments?post=216"}],"version-history":[{"count":0,"href":"https:\/\/maholnap.hu\/de\/wp-json\/wp\/v2\/pages\/216\/revisions"}],"wp:attachment":[{"href":"https:\/\/maholnap.hu\/de\/wp-json\/wp\/v2\/media?parent=216"}],"curies":[{"name":"wp","href":"https:\/\/api.w.org\/{rel}","templated":true}]}}