{"id":199,"date":"2017-06-16T11:41:01","date_gmt":"2017-06-16T11:41:01","guid":{"rendered":"https:\/\/maholnap.hu\/unsere-projekte-referenzen\/"},"modified":"2023-11-06T09:15:23","modified_gmt":"2023-11-06T09:15:23","slug":"unsere-projekte-referenzen","status":"publish","type":"page","link":"https:\/\/maholnap.hu\/de\/unsere-projekte-referenzen\/","title":{"rendered":"Unsere Projekte, Referenzen"},"content":{"rendered":"<p style=\"text-align: justify;\">In den letzten Jahren haben wir mehrere Projekte durchgef\u00fchrt, auf die wir stolz sein k\u00f6nnen.<\/p>\n<p style=\"text-align: center;\"><strong>Unsere Programme der letzten Jahre<\/strong><\/p>\n<p style=\"text-align: left;\">Unsere Stiftung hat die folgenden Programme organisiert und durchgef\u00fchrt:<\/p>\n<p style=\"text-align: justify;\">Im Jahr 2001 entwickelte die Stiftung auf der Grundlage einer Umfrage neue Spendenkriterien. Sie untersuchte das Spendenverhalten und die Zielgruppen der in Ungarn registrierten Spendestiftungen und \u00f6ffentlichen Stiftungen und konzentrierte sich dabei auf die Bed\u00fcrfnisse. Das neue F\u00f6rdersystem und der damit verbundene Ausschreibungsmechanismus wurden von unseren Mitarbeitern im Jahr 2002 kontinuierlich vorbereitet und dokumentiert. Die neue Spendenpolitik hat zu einer \u00c4nderung der Ziele und der Zielgruppe der Spenden gef\u00fchrt, wobei der Schwerpunkt verst\u00e4rkt auf kleinen lokalen NROs liegt. Eine weitere Neuerung in der Finanzierungspolitik war das Konzept, dass die Stiftung neben Gro\u00dfprojekten auch zur Durchf\u00fchrung kleinerer Programme beitrug, die besser an die Bed\u00fcrfnisse der Zielgruppe angepasst waren. Hier begannen unsere Fundraising-Aktivit\u00e4ten, die bis zum heutigen Tag andauern.<\/p>\n<p style=\"text-align: justify;\">Wir konnten auch gemeinn\u00fctzige Organisationen unterst\u00fctzen, indem wir nicht nur Geldspenden, sondern auch Sachspenden organisierten. Wir haben mehrfach eine B\u00fcchersammelaktion gestartet, die landesweit im Rahmen des erfolgreichen Programms &#8222;B\u00fcchermobil&#8220; durchgef\u00fchrt wurde.<\/p>\n","protected":false},"excerpt":{"rendered":"<p>In den letzten Jahren haben wir mehrere Projekte durchgef\u00fchrt, auf die wir stolz sein k\u00f6nnen. Unsere Programme der letzten Jahre Unsere Stiftung hat die folgenden Programme organisiert und durchgef\u00fchrt: Im Jahr 2001 entwickelte die Stiftung auf der Grundlage einer Umfrage neue Spendenkriterien. Sie untersuchte das Spendenverhalten und die Zielgruppen der in Ungarn registrierten Spendestiftungen und [&hellip;]<\/p>\n","protected":false},"author":1,"featured_media":0,"parent":0,"menu_order":0,"comment_status":"closed","ping_status":"closed","template":"","meta":{"footnotes":""},"yoast_head":"<!-- This site is optimized with the Yoast SEO plugin v22.6 - https:\/\/yoast.com\/wordpress\/plugins\/seo\/ -->\n<title>Unsere Projekte, Referenzen - Maholnap Foundation<\/title>\n<meta name=\"robots\" content=\"index, follow, max-snippet:-1, max-image-preview:large, max-video-preview:-1\" \/>\n<link rel=\"canonical\" href=\"https:\/\/maholnap.hu\/de\/unsere-projekte-referenzen\/\" \/>\n<meta property=\"og:locale\" content=\"de_DE\" \/>\n<meta property=\"og:type\" content=\"article\" \/>\n<meta property=\"og:title\" content=\"Unsere Projekte, Referenzen - Maholnap Foundation\" \/>\n<meta property=\"og:description\" content=\"In den letzten Jahren haben wir mehrere Projekte durchgef\u00fchrt, auf die wir stolz sein k\u00f6nnen. Unsere Programme der letzten Jahre Unsere Stiftung hat die folgenden Programme organisiert und durchgef\u00fchrt: Im Jahr 2001 entwickelte die Stiftung auf der Grundlage einer Umfrage neue Spendenkriterien. Sie untersuchte das Spendenverhalten und die Zielgruppen der in Ungarn registrierten Spendestiftungen und [&hellip;]\" \/>\n<meta property=\"og:url\" content=\"https:\/\/maholnap.hu\/de\/unsere-projekte-referenzen\/\" \/>\n<meta property=\"og:site_name\" content=\"Maholnap Foundation\" \/>\n<meta property=\"article:modified_time\" content=\"2023-11-06T09:15:23+00:00\" \/>\n<meta name=\"twitter:card\" content=\"summary_large_image\" \/>\n<meta name=\"twitter:label1\" content=\"Gesch\u00e4tzte Lesezeit\" \/>\n\t<meta name=\"twitter:data1\" content=\"1\u00a0Minute\" \/>\n<script type=\"application\/ld+json\" class=\"yoast-schema-graph\">{\"@context\":\"https:\/\/schema.org\",\"@graph\":[{\"@type\":\"WebPage\",\"@id\":\"https:\/\/maholnap.hu\/de\/unsere-projekte-referenzen\/\",\"url\":\"https:\/\/maholnap.hu\/de\/unsere-projekte-referenzen\/\",\"name\":\"Unsere Projekte, Referenzen - Maholnap Foundation\",\"isPartOf\":{\"@id\":\"https:\/\/maholnap.hu\/de\/#website\"},\"datePublished\":\"2017-06-16T11:41:01+00:00\",\"dateModified\":\"2023-11-06T09:15:23+00:00\",\"breadcrumb\":{\"@id\":\"https:\/\/maholnap.hu\/de\/unsere-projekte-referenzen\/#breadcrumb\"},\"inLanguage\":\"de\",\"potentialAction\":[{\"@type\":\"ReadAction\",\"target\":[\"https:\/\/maholnap.hu\/de\/unsere-projekte-referenzen\/\"]}]},{\"@type\":\"BreadcrumbList\",\"@id\":\"https:\/\/maholnap.hu\/de\/unsere-projekte-referenzen\/#breadcrumb\",\"itemListElement\":[{\"@type\":\"ListItem\",\"position\":1,\"name\":\"Home\",\"item\":\"https:\/\/maholnap.hu\/de\/\"},{\"@type\":\"ListItem\",\"position\":2,\"name\":\"Unsere Projekte, Referenzen\"}]},{\"@type\":\"WebSite\",\"@id\":\"https:\/\/maholnap.hu\/de\/#website\",\"url\":\"https:\/\/maholnap.hu\/de\/\",\"name\":\"Maholnap Foundation\",\"description\":\"Website der Maholnap Foundation\",\"potentialAction\":[{\"@type\":\"SearchAction\",\"target\":{\"@type\":\"EntryPoint\",\"urlTemplate\":\"https:\/\/maholnap.hu\/de\/?s={search_term_string}\"},\"query-input\":\"required name=search_term_string\"}],\"inLanguage\":\"de\"}]}<\/script>\n<!-- \/ Yoast SEO plugin. -->","yoast_head_json":{"title":"Unsere Projekte, Referenzen - Maholnap Foundation","robots":{"index":"index","follow":"follow","max-snippet":"max-snippet:-1","max-image-preview":"max-image-preview:large","max-video-preview":"max-video-preview:-1"},"canonical":"https:\/\/maholnap.hu\/de\/unsere-projekte-referenzen\/","og_locale":"de_DE","og_type":"article","og_title":"Unsere Projekte, Referenzen - Maholnap Foundation","og_description":"In den letzten Jahren haben wir mehrere Projekte durchgef\u00fchrt, auf die wir stolz sein k\u00f6nnen. Unsere Programme der letzten Jahre Unsere Stiftung hat die folgenden Programme organisiert und durchgef\u00fchrt: Im Jahr 2001 entwickelte die Stiftung auf der Grundlage einer Umfrage neue Spendenkriterien. Sie untersuchte das Spendenverhalten und die Zielgruppen der in Ungarn registrierten Spendestiftungen und [&hellip;]","og_url":"https:\/\/maholnap.hu\/de\/unsere-projekte-referenzen\/","og_site_name":"Maholnap Foundation","article_modified_time":"2023-11-06T09:15:23+00:00","twitter_card":"summary_large_image","twitter_misc":{"Gesch\u00e4tzte Lesezeit":"1\u00a0Minute"},"schema":{"@context":"https:\/\/schema.org","@graph":[{"@type":"WebPage","@id":"https:\/\/maholnap.hu\/de\/unsere-projekte-referenzen\/","url":"https:\/\/maholnap.hu\/de\/unsere-projekte-referenzen\/","name":"Unsere Projekte, Referenzen - Maholnap Foundation","isPartOf":{"@id":"https:\/\/maholnap.hu\/de\/#website"},"datePublished":"2017-06-16T11:41:01+00:00","dateModified":"2023-11-06T09:15:23+00:00","breadcrumb":{"@id":"https:\/\/maholnap.hu\/de\/unsere-projekte-referenzen\/#breadcrumb"},"inLanguage":"de","potentialAction":[{"@type":"ReadAction","target":["https:\/\/maholnap.hu\/de\/unsere-projekte-referenzen\/"]}]},{"@type":"BreadcrumbList","@id":"https:\/\/maholnap.hu\/de\/unsere-projekte-referenzen\/#breadcrumb","itemListElement":[{"@type":"ListItem","position":1,"name":"Home","item":"https:\/\/maholnap.hu\/de\/"},{"@type":"ListItem","position":2,"name":"Unsere Projekte, Referenzen"}]},{"@type":"WebSite","@id":"https:\/\/maholnap.hu\/de\/#website","url":"https:\/\/maholnap.hu\/de\/","name":"Maholnap Foundation","description":"Website der Maholnap Foundation","potentialAction":[{"@type":"SearchAction","target":{"@type":"EntryPoint","urlTemplate":"https:\/\/maholnap.hu\/de\/?s={search_term_string}"},"query-input":"required name=search_term_string"}],"inLanguage":"de"}]}},"_links":{"self":[{"href":"https:\/\/maholnap.hu\/de\/wp-json\/wp\/v2\/pages\/199"}],"collection":[{"href":"https:\/\/maholnap.hu\/de\/wp-json\/wp\/v2\/pages"}],"about":[{"href":"https:\/\/maholnap.hu\/de\/wp-json\/wp\/v2\/types\/page"}],"author":[{"embeddable":true,"href":"https:\/\/maholnap.hu\/de\/wp-json\/wp\/v2\/users\/1"}],"replies":[{"embeddable":true,"href":"https:\/\/maholnap.hu\/de\/wp-json\/wp\/v2\/comments?post=199"}],"version-history":[{"count":1,"href":"https:\/\/maholnap.hu\/de\/wp-json\/wp\/v2\/pages\/199\/revisions"}],"predecessor-version":[{"id":270,"href":"https:\/\/maholnap.hu\/de\/wp-json\/wp\/v2\/pages\/199\/revisions\/270"}],"wp:attachment":[{"href":"https:\/\/maholnap.hu\/de\/wp-json\/wp\/v2\/media?parent=199"}],"curies":[{"name":"wp","href":"https:\/\/api.w.org\/{rel}","templated":true}]}}